{"id":17,"date":"2013-06-28T09:15:26","date_gmt":"2013-06-28T09:15:26","guid":{"rendered":"http:\/\/www.sound2trance.com\/?page_id=17"},"modified":"2013-11-19T08:44:54","modified_gmt":"2013-11-19T08:44:54","slug":"impressum","status":"publish","type":"page","link":"http:\/\/www.sound2trance.com\/de\/impressum\/","title":{"rendered":"Impressum"},"content":{"rendered":"<p><b>Sound2Trance<\/b><\/p>\n<p>Dr. Peter Hess<\/p>\n<p>Facharzt f\u00fcr Neurologie und Psychiatrie<\/p>\n<p>Email: mail[at]sound2trance.de<br \/>\nHomepage: http:\/\/www.sound2trance.com<\/p>\n<p>Zust\u00e4ndige \u00c4rztekammer:\u00a0<a href=\"http:\/\/www.laek-rlp.de\/index2.php\" target=\"_blank\">Landes\u00e4rztekammer Rheinland-Pfalz<\/a><\/p>\n<p>Approbation erteilt am 01.02.1972 vom Ministerium f\u00fcr Arbeit, Gesundheit und Sozialordnung des Landes Baden-W\u00fcrttemberg<\/p>\n<p>Verleihender Staat f\u00fcr die gesetzliche Berufsbezeichnung &#8218;Arzt&#8216;: Bundesrepublik Deutschland<br \/>\nBerufsrechtliche Regelungen: www.laek-rlp.de<\/p>\n<p><strong>Datenschutz<\/strong><\/p>\n<p>Sie werden eventuell um die Angabe pers\u00f6nlicher Informationen gebeten. Die Beantwortung dieser Fragen ist freiwillig. S\u00e4mtliche auf unserer Website erhobenen pers\u00f6nlichen Daten werden ausschlie\u00dflich zu Ihrer Betreuung, der \u00dcbersendung unserer Informationen oder der Unterbreitung von Angeboten gespeichert, verarbeitet und an Unternehmen des Dr. Peter Hess weitergegeben. Eine Weitergabe an andere Stellen ist ausgeschlossen. Wir sichern Ihnen zu, da\u00df Ihre Angaben entsprechend der jeweils geltenden datenschutzrechtlichen Bestimmungen vertraulich behandelt werden.<\/p>\n<p>Diese Website benutzt Google Analytics, einen Webanalysedienst der Google Inc. (Google) Google Analytics verwendet sog. Cookies, Textdateien, die auf Ihrem Computer gespeichert werden und die eine Analyse der Benutzung der Website durch Sie erm\u00f6glicht. Die durch den Cookie erzeugten Informationen \u00fcber Ihre Benutzung dieser Website (einschlie\u00dflich Ihrer IP-Adresse) wird an einen Server von Google in den USA \u00fcbertragen und dort gespeichert. Google wird diese Informationen benutzen, um Ihre Nutzung der Website auszuwerten, um Reports \u00fcber die Websiteaktivit\u00e4ten f\u00fcr die Websitebetreiber zusammenzustellen und um weitere mit der Websitenutzung und der Internetnutzung verbundene Dienstleistungen zu erbringen. Auch wird Google diese Informationen gegebenenfalls an Dritte \u00fcbertragen, sofern dies gesetzlich vorgeschrieben oder soweit Dritte diese Daten im Auftrag von Google verarbeiten. Google wird in keinem Fall Ihre IP-Adresse mit anderen Daten der Google Inc. in Verbindung bringen. Sie k\u00f6nnen die Installation der Cookies durch eine entsprechende Einstellung Ihrer Browser Software verhindern; wir weisen Sie jedoch darauf hin, dass Sie in diesem Fall gegebenenfalls nicht s\u00e4mtliche Funktionen dieser Website voll umf\u00e4nglich nutzen k\u00f6nnen. Durch die Nutzung dieser Website erkl\u00e4ren Sie sich mit der Bearbeitung der \u00fcber Sie erhobenen Daten durch Google in der zuvor beschriebenen Art und Weise und zu dem zuvor benannten Zweck einverstanden.<\/p>\n<p>Um Ihre Daten bestm\u00f6glich zu sch\u00fctzen, verwenden wir auf diesen Internetseiten eine Funktion zur K\u00fcrzung Ihrer IP-Adresse. Hierbei wird das letzte Oktett Ihrer Adresse verworfen, um eine eindeutige Zuordnung unm\u00f6glich zu machen.<\/p>\n<p><b>Inhalte der sound2trance.com Website und Haftungsausschlu\u00df<\/b><br \/>\nDr. Peter Hess ist bestrebt, die Informationen auf dieser Website korrekt und auf dem neuesten Stand zu halten. Dr. Peter Hess ist zu einer Aktualisierung jedoch nicht verpflichtet. Dr. Peter Hess kann jederzeit ohne vorherige Ank\u00fcndigung \u00c4nderungen oder Erg\u00e4nzungen der auf dieser Website vorzufindenden Inhalte vornehmen bzw. diese ganz oder teilweise entfernen.<\/p>\n<p>Die Inhalte dieser Website werden unter Ausschlu\u00df jeglicher Gew\u00e4hrleistung zur Verf\u00fcgung gestellt. Der Nutzer wird ausdr\u00fccklich darauf hingewiesen, da\u00df die Website Tippfehler sowie falsche, unvollst\u00e4ndige oder \u00fcberholte Informationen enthalten kann. Die Nutzung der auf dieser Website zur Verf\u00fcgung gestellten Inhalte erfolgt auf alleinige Gefahr des Nutzers.<\/p>\n<p><b>Links auf und von Websites Dritter<\/b><br \/>\nLinks von dieser Website auf Websites Dritter werden nur gef\u00e4lligkeitshalber zur Verf\u00fcgung gestellt. Die Nutzung solcher Links f\u00fchrt zum Verlassen dieser Website und erfolgt auf Ihre eigene Verantwortung. Dr. Peter Hess ist weder in der Lage noch hat sie alle Websites Dritter gepr\u00fcft. Dr. Peter Hess \u00fcbernimmt f\u00fcr die dort vorgefundenen Inhalte daher keinerlei Haftung. Dies gilt ebenso f\u00fcr alle Ergebnisse, die durch die Benutzung Websites Dritter erlangt werden k\u00f6nnen. Anwender benutzen Websites Dritter gem\u00e4\u00df den f\u00fcr diese Websites geltenden Nutzungsbedingungen.<\/p>\n<p><strong>Copyrights<\/strong><br \/>\n\u00a9 Dr. Peter Hess, Lambsheim, Deutschland Alle Rechte bleiben vorbehalten. Grafiken, Sound, Text, Bilder, Animationen und Videos sowie deren Anordnung auf der sound2trance Website unterliegen dem Schutz des Urheberrechts und anderer Schutzgesetze. Der Inhalt der Websites darf nicht zu kommerziellen Zwecken kopiert, verbreitet, ver\u00e4ndert oder Dritten zug\u00e4nglich gemacht werden.<\/p>\n<p><strong>Nutzungsbedingungen<\/strong><br \/>\nDr. Peter Hess steht es frei, die hierin enthaltenen Bestimmungen jederzeit zu aktualisieren oder zu \u00e4ndern. Sie sollten diese Website gelegentlich besuchen, um sich \u00fcber die zur Zeit geltenden Bestimmungen zu informieren, da diese in ihrer jeweiligen Fassung bindend sind.<\/p>\n<p>&nbsp;<\/p>\n","protected":false},"excerpt":{"rendered":"<p>Sound2Trance Dr. Peter Hess Facharzt f\u00fcr Neurologie und Psychiatrie Email: mail[at]sound2trance.de Homepage: http:\/\/www.sound2trance.com Zust\u00e4ndige \u00c4rztekammer:\u00a0Landes\u00e4rztekammer Rheinland-Pfalz Approbation erteilt am 01.02.1972 vom Ministerium f\u00fcr Arbeit, Gesundheit und Sozialordnung des Landes Baden-W\u00fcrttemberg Verleihender Staat f\u00fcr die gesetzliche Berufsbezeichnung &#8218;Arzt&#8216;: Bundesrepublik Deutschland Berufsrechtliche Regelungen: www.laek-rlp.de Datenschutz Sie werden eventuell um die Angabe pers\u00f6nlicher Informationen gebeten. Die Beantwortung dieser [&hellip;]<\/p>\n","protected":false},"author":1,"featured_media":0,"parent":0,"menu_order":0,"comment_status":"closed","ping_status":"closed","template":"","meta":[],"translation":{"provider":"WPGlobus","version":"3.0.1","language":"de","enabled_languages":["en","de"],"languages":{"en":{"title":true,"content":true,"excerpt":false},"de":{"title":false,"content":false,"excerpt":false}}},"_links":{"self":[{"href":"http:\/\/www.sound2trance.com\/de\/wp-json\/wp\/v2\/pages\/17"}],"collection":[{"href":"http:\/\/www.sound2trance.com\/de\/wp-json\/wp\/v2\/pages"}],"about":[{"href":"http:\/\/www.sound2trance.com\/de\/wp-json\/wp\/v2\/types\/page"}],"author":[{"embeddable":true,"href":"http:\/\/www.sound2trance.com\/de\/wp-json\/wp\/v2\/users\/1"}],"replies":[{"embeddable":true,"href":"http:\/\/www.sound2trance.com\/de\/wp-json\/wp\/v2\/comments?post=17"}],"version-history":[{"count":10,"href":"http:\/\/www.sound2trance.com\/de\/wp-json\/wp\/v2\/pages\/17\/revisions"}],"predecessor-version":[{"id":132,"href":"http:\/\/www.sound2trance.com\/de\/wp-json\/wp\/v2\/pages\/17\/revisions\/132"}],"wp:attachment":[{"href":"http:\/\/www.sound2trance.com\/de\/wp-json\/wp\/v2\/media?parent=17"}],"curies":[{"name":"wp","href":"https:\/\/api.w.org\/{rel}","templated":true}]}}