{"id":25,"date":"2013-06-28T09:25:17","date_gmt":"2013-06-28T09:25:17","guid":{"rendered":"http:\/\/www.sound2trance.com\/?page_id=25"},"modified":"2017-01-08T22:04:30","modified_gmt":"2017-01-08T22:04:30","slug":"willkommen","status":"publish","type":"page","link":"http:\/\/www.sound2trance.com\/de\/","title":{"rendered":"Institut f\u00fcr Sound und Trance"},"content":{"rendered":"<p><img decoding=\"async\" loading=\"lazy\" class=\"alignleft size-large wp-image-193\" src=\"http:\/\/www.sound2trance.com\/wp-content\/uploads\/2017\/01\/P8151137-1024x768.jpg\" alt=\"\" width=\"625\" height=\"469\" srcset=\"http:\/\/www.sound2trance.com\/wp-content\/uploads\/2017\/01\/P8151137-1024x768.jpg 1024w, http:\/\/www.sound2trance.com\/wp-content\/uploads\/2017\/01\/P8151137-300x225.jpg 300w, http:\/\/www.sound2trance.com\/wp-content\/uploads\/2017\/01\/P8151137-768x576.jpg 768w, http:\/\/www.sound2trance.com\/wp-content\/uploads\/2017\/01\/P8151137-624x468.jpg 624w\" sizes=\"(max-width: 625px) 100vw, 625px\" \/><\/p>\n<h3><strong>Herzlich Willkommen auf der \u00a0Webseite von Dr. Peter He\u00df und Heike He\u00df<\/strong><\/h3>\n<p>Das\u00a0Sound und Trance Institut bietet Workshops und Seminare an zu den Themen:<\/p>\n<ul>\n<li>Klang und Heilung<\/li>\n<li>Musik und Medizin<\/li>\n<li>Klangtrance<\/li>\n<li>Selbsterfahrung in ver\u00e4nderten Bewusstseinszust\u00e4nden<\/li>\n<li>Ausbildung und Weiterbildung f\u00fcr Therapeuten bzw. in der Psychiatrie t\u00e4tige Menschen<\/li>\n<li>Therapie mittels au\u00dfergew\u00f6hnlicher Bewusstseinszust\u00e4nde hervorgerufen durch Musik, Meditation\u00a0oder andere Verfahren.<\/li>\n<\/ul>\n<p><a href=\"http:\/\/www.sound2trance.com\/wp-content\/uploads\/2017\/01\/Gong-Gedicht-PUR-1.pdf\">Hymne an einen Gong<\/a> <img decoding=\"async\" loading=\"lazy\" class=\"alignleft size-large wp-image-199\" src=\"http:\/\/www.sound2trance.com\/wp-content\/uploads\/2013\/06\/Peter-70-16-683x1024.jpg\" alt=\"\" width=\"625\" height=\"937\" srcset=\"http:\/\/www.sound2trance.com\/wp-content\/uploads\/2013\/06\/Peter-70-16-683x1024.jpg 683w, http:\/\/www.sound2trance.com\/wp-content\/uploads\/2013\/06\/Peter-70-16-200x300.jpg 200w, http:\/\/www.sound2trance.com\/wp-content\/uploads\/2013\/06\/Peter-70-16-768x1152.jpg 768w, http:\/\/www.sound2trance.com\/wp-content\/uploads\/2013\/06\/Peter-70-16-624x936.jpg 624w\" sizes=\"(max-width: 625px) 100vw, 625px\" \/><\/p>\n","protected":false},"excerpt":{"rendered":"<p>Herzlich Willkommen auf der \u00a0Webseite von Dr. Peter He\u00df und Heike He\u00df Das\u00a0Sound und Trance Institut bietet Workshops und Seminare an zu den Themen: Klang und Heilung Musik und Medizin Klangtrance Selbsterfahrung in ver\u00e4nderten Bewusstseinszust\u00e4nden Ausbildung und Weiterbildung f\u00fcr Therapeuten bzw. in der Psychiatrie t\u00e4tige Menschen Therapie mittels au\u00dfergew\u00f6hnlicher Bewusstseinszust\u00e4nde hervorgerufen durch Musik, Meditation\u00a0oder andere [&hellip;]<\/p>\n","protected":false},"author":1,"featured_media":0,"parent":0,"menu_order":0,"comment_status":"closed","ping_status":"closed","template":"","meta":[],"translation":{"provider":"WPGlobus","version":"3.0.1","language":"de","enabled_languages":["en","de"],"languages":{"en":{"title":true,"content":true,"excerpt":false},"de":{"title":true,"content":true,"excerpt":false}}},"_links":{"self":[{"href":"http:\/\/www.sound2trance.com\/de\/wp-json\/wp\/v2\/pages\/25"}],"collection":[{"href":"http:\/\/www.sound2trance.com\/de\/wp-json\/wp\/v2\/pages"}],"about":[{"href":"http:\/\/www.sound2trance.com\/de\/wp-json\/wp\/v2\/types\/page"}],"author":[{"embeddable":true,"href":"http:\/\/www.sound2trance.com\/de\/wp-json\/wp\/v2\/users\/1"}],"replies":[{"embeddable":true,"href":"http:\/\/www.sound2trance.com\/de\/wp-json\/wp\/v2\/comments?post=25"}],"version-history":[{"count":32,"href":"http:\/\/www.sound2trance.com\/de\/wp-json\/wp\/v2\/pages\/25\/revisions"}],"predecessor-version":[{"id":211,"href":"http:\/\/www.sound2trance.com\/de\/wp-json\/wp\/v2\/pages\/25\/revisions\/211"}],"wp:attachment":[{"href":"http:\/\/www.sound2trance.com\/de\/wp-json\/wp\/v2\/media?parent=25"}],"curies":[{"name":"wp","href":"https:\/\/api.w.org\/{rel}","templated":true}]}}