{"id":45,"date":"2013-06-28T09:58:27","date_gmt":"2013-06-28T09:58:27","guid":{"rendered":"http:\/\/www.sound2trance.com\/?page_id=45"},"modified":"2013-06-28T10:15:47","modified_gmt":"2013-06-28T10:15:47","slug":"klangtrance","status":"publish","type":"page","link":"http:\/\/www.sound2trance.com\/de\/klangtrance\/","title":{"rendered":"Klangtrance"},"content":{"rendered":"<h3>Die Gongtherapie<\/h3>\n<p>Eines der angewanten Verfahren ist die Gongtherapie, die seit circa 25 Jahren in der psychiatrisch-psychotherapeutischen Klinik im Metznerpark in Frankenthal angewandt wird. Sie ist vom dem leitenden Oberarzt Dr. Peter Hess empirisch entwickelt und kontinuierlich weiter modifiziert. Diese Form der Musiktherapie bedient sich verschiedener psychologischer Stimuli zur Erzeugung au\u00dfergew\u00f6hnlicher Wachbewusstseinszust\u00e4nde, in denen tieferliegende Schichten der menschlichen Psyche erreichbar werden. Sie ist den bisher wenig verbreiteten Verfahren der Klangtrance zuzuordnen. Hierbei wird der Informationsfluss zwischen bewussten und unbewussten Bereichen der Psyche verst\u00e4rkt, sodass verdr\u00e4ngte, vergessene oder abgespaltene Erfahrungen und Erlebnisse bewusst werden k\u00f6nnen. Im Anschluss besteht die M\u00f6glichkeit der Integration.<\/p>\n<p>Die Gongtherapie ist Bestandteil eines kreativen Gesamtkonzepts, das sich aus Musik-, Ergo- und Gestaltungstherapie, sowie den traditionellen verbalen Psychotherapien zusammensetzt. Die Gongtherapie wird im w\u00f6chentlichen Ablauf einmal angeboten und besteht als Gruppenangebot in Form einer \u201eslow-open\u201c Gruppe. Sie ist f\u00fcr alle Patienten der Klinik im Metznerpark offen, die sich f\u00fcr diese Form der Musikpsychotherapie interessieren. Ma\u00dfgeblich ist jedoch die Bereitschaft, mindestens sechs Wochen in Folge teilzunehmen. Selbstredend ist die Freiwilligkeit der Teilnahme. Die Auswirkungen dieser Therapieform auf die teilnehmenden Patienten sind der Gegenstand des empirischen Forschungsteils dieses Promotionsvorhabens.<\/p>\n","protected":false},"excerpt":{"rendered":"<p>Die Gongtherapie Eines der angewanten Verfahren ist die Gongtherapie, die seit circa 25 Jahren in der psychiatrisch-psychotherapeutischen Klinik im Metznerpark in Frankenthal angewandt wird. Sie ist vom dem leitenden Oberarzt Dr. Peter Hess empirisch entwickelt und kontinuierlich weiter modifiziert. Diese Form der Musiktherapie bedient sich verschiedener psychologischer Stimuli zur Erzeugung au\u00dfergew\u00f6hnlicher Wachbewusstseinszust\u00e4nde, in denen tieferliegende [&hellip;]<\/p>\n","protected":false},"author":1,"featured_media":0,"parent":0,"menu_order":0,"comment_status":"closed","ping_status":"closed","template":"","meta":[],"translation":{"provider":"WPGlobus","version":"3.0.1","language":"de","enabled_languages":["en","de"],"languages":{"en":{"title":true,"content":true,"excerpt":false},"de":{"title":false,"content":false,"excerpt":false}}},"_links":{"self":[{"href":"http:\/\/www.sound2trance.com\/de\/wp-json\/wp\/v2\/pages\/45"}],"collection":[{"href":"http:\/\/www.sound2trance.com\/de\/wp-json\/wp\/v2\/pages"}],"about":[{"href":"http:\/\/www.sound2trance.com\/de\/wp-json\/wp\/v2\/types\/page"}],"author":[{"embeddable":true,"href":"http:\/\/www.sound2trance.com\/de\/wp-json\/wp\/v2\/users\/1"}],"replies":[{"embeddable":true,"href":"http:\/\/www.sound2trance.com\/de\/wp-json\/wp\/v2\/comments?post=45"}],"version-history":[{"count":2,"href":"http:\/\/www.sound2trance.com\/de\/wp-json\/wp\/v2\/pages\/45\/revisions"}],"predecessor-version":[{"id":64,"href":"http:\/\/www.sound2trance.com\/de\/wp-json\/wp\/v2\/pages\/45\/revisions\/64"}],"wp:attachment":[{"href":"http:\/\/www.sound2trance.com\/de\/wp-json\/wp\/v2\/media?parent=45"}],"curies":[{"name":"wp","href":"https:\/\/api.w.org\/{rel}","templated":true}]}}