{"id":46,"date":"2013-06-28T09:58:40","date_gmt":"2013-06-28T09:58:40","guid":{"rendered":"http:\/\/www.sound2trance.com\/?page_id=46"},"modified":"2013-11-19T11:21:19","modified_gmt":"2013-11-19T11:21:19","slug":"veranstaltungen","status":"publish","type":"page","link":"http:\/\/www.sound2trance.com\/de\/veranstaltungen\/","title":{"rendered":"Veranstaltungen"},"content":{"rendered":"<p><em><strong>Aktuelle KONZERTE:<\/strong><\/em><\/p>\n<p>Im Windhorsehaus in Frankenthal findet wieder ein Konzert mit Ausstellung statt, diesmal in Form einer &#8222;Lightshow&#8220; mit Bildern von Wolfgang Ohlh\u00e4user (Der K\u00fcnstler ist pers\u00f6nlich anwesend)<\/p>\n<p><a title=\"HK\" href=\"http:\/\/www.sound2trance.com\/wp-content\/uploads\/2013\/06\/Hauskonzert-Dezember-2013.pdf\" target=\"_blank\">Hauskonzert 6. Dez. 2013 \u00a0&#8222;Reise in andere Wirklichkeiten&#8220;<\/a><\/p>\n<p><a href=\"http:\/\/www.sound2trance.com\/wp-content\/uploads\/2013\/06\/Hauskonzert-Dezember-2013.pdf\">\u00a0<\/a>___________________________________________________<\/p>\n<p><em><strong>Aktuelle VORTR\u00c4GE:<\/strong>\u00a0<\/em><\/p>\n<p>Im Rahmen des Symposiums Heilender Klang vom 29.12.-1.12. 2013 am Benediktushof in Holzkirchen gibt es einen Vortrag von mir und ein Konzert mit Rolf Verres und Jochen Sattler:<\/p>\n<div title=\"Page 3\"><a href=\"http:\/\/www.west-oestliche-weisheit.de\/images\/stories\/pdfs\/13sy06%20flyer%20mail.pdf\" target=\"_blank\">&#8222;Das Heilungspotential von archaischen Instrumenten&#8220;<\/a><\/p>\n<\/div>\n<div title=\"Page 3\"><\/div>\n<div title=\"Page 3\"><\/div>\n<p>________________________________________________________________________________<\/p>\n<p><em><strong>Fr\u00fchere VERANSTALTUNGEN:<\/strong><\/em><\/p>\n<p><strong>&#8222;Zwischenkl\u00e4nge&#8220;<\/strong><\/p>\n<p><b><\/b><b>Improvisationskonzert mit<\/b><\/p>\n<p><b><br \/>\nRolf Verres &#8211; Piano, perc.<br \/>\nPeter Hess &#8211; Tabla, Gongs<br \/>\nJochen Sattler &#8211; Fl\u00f6ten, Didgeridoo, perc.<\/b><\/p>\n<p><b>Mittwoch, 17.7.2013 &#8211; 20.00 Uhr<\/b><\/p>\n<p>Nach der \u00fcberaus gro\u00dfen Resonanz im letzten Jahr k\u00f6nnen sich die Zuh\u00f6rer auf eine erneute Begegnung mit dem ungew\u00f6hnlichen Trio Verres \u2013 Hess &#8211; Sattler freuen.<\/p>\n<p>Auch dieses Mal verspricht das Aufeinandertreffen von Kl\u00e4ngen aus Indien, Afrika, S\u00fcdamerika und Europa eine spannende Melange aus Weltmusik, Jazz und europ\u00e4ischer klassischer Musik zu werden. Mit viel Experimentierfreude und Witz kultivieren die erfahrenen Musiker dabei die entstehenden klanglichen Widerspr\u00fcche oder l\u00f6sen sie \u201espielend\u201c auf.<br \/>\n<b><br \/>\n<\/b><b>Die Musiker\u00a0<\/b><\/p>\n<p><b>Prof. Dr. Rolf Verres<\/b>\u00a0ist \u00c4rztlicher Direktor des Instituts f\u00fcr Medizinische Psychologie an der Universit\u00e4tsklinik in Heidelberg. Gleichzeitig ist er ein leidenschaftlicher Musiker,der Kunst und Musik mit der Heilkunde zu verbinden versucht. Mit seinem Lieblingsinstrument, dem Klavier, hat er sein Publikum nicht nur bei Konzerten mit Musikern wie Konstantin Wecker begeistert, sondern auch bei Kongressen in Asien wie in Europa eine \u00fcberraschende Br\u00fccke zwischen Wissenschaft und Kunst gestalten k\u00f6nnen.<br \/>\n<b><br \/>\nDr. Peter Hess<\/b>\u00a0war leitender Oberarzt der psychiatrischen Klinik im Metznerpark, Frankenthal. Sein Schwerpunkt liegt in der Musikpsychotherapie und der Erforschung und therapeutischen Anwendung ver\u00e4nderter Wachbewusstseinszust\u00e4nde\u00a0\u2013 er war viele Jahre lang Pr\u00e4sident des Europ\u00e4ischen Collegiums f\u00fcr Bewusstseinsstudien (ECBS). Er studierte die indische Tabla und spielt immer wieder mit namhaften indischen Solisten zusammen. Dar\u00fcber hinaus ist er ein gefragter Experte in der therapeutischen Anwendung archaischer Instrumente und des Gongs, dessen au\u00dfergew\u00f6hnliche Wirkungen er erforscht, international referiert und bei Konzerten und Workshops erlebbar macht.<br \/>\n<b><br \/>\nJochen Sattler<\/b>\u00a0ist Diplom-Musiktherapeut in der Klinik im Metznerpark und in freier Praxis. Nach urspr\u00fcnglich klassischer Ausbildung auf der Querfl\u00f6te und Exkursionen im Bereich des Jazz, befasst er sich seit vielen Jahren mit au\u00dfereurop\u00e4ischen Klangk\u00f6rpern. Mit eigenen, neu entwickelten Konzepten (\u201eMusen &#8211; Coaching\u201c) ist es ihm gelungen, das Medium Musik in Teamentwicklungs- und Beratungsprozesse auch bei gro\u00dfen Wirtschaftsunternehmen zu integrieren. Viel Anklang findet auch seine \u201emusikalische Tagungsbegleitung\u201c, mit der er bei wissenschaftlichen Kongressen und Fachtagungen bundesweit immer wieder gefragt ist.<br \/>\n<b><br \/>\n<\/b><br \/>\n<b>Veranstaltungsort:<\/b>\u00a0H\u00f6rsaal des Institutes f\u00fcr Medizinische Psychologie\u00a0in Heidelberg, Bergheimer Stra\u00dfe 20 &#8211; linker Eingang, 69115 Heidelberg<\/p>\n<p><b>Beginn:<\/b>\u00a020.00 Uhr<br \/>\n<b><br \/>\nEintritt:<\/b>\u00a014 \u20ac \/ erm\u00e4\u00dfigt: 10 \u20ac (mit Nachweis<br \/>\n<b>Kontakt:<\/b><\/p>\n<p>F\u00f6rderverein Zukunftsmusik e.V. am Institut f\u00fcr Medizinische Psychologie\u00a0der Universit\u00e4tsklinik Heidelberg<br \/>\nLeitung: Sabine Rittner<\/p>\n<p>Bergheimer Stra\u00dfe 20 &#8211; Linker Eingang<br \/>\n69115 Heidelberg<\/p>\n<p>Tel: 06221-56 81 42 (mit Anrufbeantworter)<\/p>\n<p><b>\u00a0<\/b><\/p>\n","protected":false},"excerpt":{"rendered":"<p>Aktuelle KONZERTE: Im Windhorsehaus in Frankenthal findet wieder ein Konzert mit Ausstellung statt, diesmal in Form einer &#8222;Lightshow&#8220; mit Bildern von Wolfgang Ohlh\u00e4user (Der K\u00fcnstler ist pers\u00f6nlich anwesend) Hauskonzert 6. Dez. 2013 \u00a0&#8222;Reise in andere Wirklichkeiten&#8220; \u00a0___________________________________________________ Aktuelle VORTR\u00c4GE:\u00a0 Im Rahmen des Symposiums Heilender Klang vom 29.12.-1.12. 2013 am Benediktushof in Holzkirchen gibt es einen [&hellip;]<\/p>\n","protected":false},"author":1,"featured_media":0,"parent":0,"menu_order":0,"comment_status":"closed","ping_status":"closed","template":"","meta":[],"translation":{"provider":"WPGlobus","version":"3.0.1","language":"de","enabled_languages":["en","de"],"languages":{"en":{"title":true,"content":true,"excerpt":false},"de":{"title":false,"content":false,"excerpt":false}}},"_links":{"self":[{"href":"http:\/\/www.sound2trance.com\/de\/wp-json\/wp\/v2\/pages\/46"}],"collection":[{"href":"http:\/\/www.sound2trance.com\/de\/wp-json\/wp\/v2\/pages"}],"about":[{"href":"http:\/\/www.sound2trance.com\/de\/wp-json\/wp\/v2\/types\/page"}],"author":[{"embeddable":true,"href":"http:\/\/www.sound2trance.com\/de\/wp-json\/wp\/v2\/users\/1"}],"replies":[{"embeddable":true,"href":"http:\/\/www.sound2trance.com\/de\/wp-json\/wp\/v2\/comments?post=46"}],"version-history":[{"count":8,"href":"http:\/\/www.sound2trance.com\/de\/wp-json\/wp\/v2\/pages\/46\/revisions"}],"predecessor-version":[{"id":150,"href":"http:\/\/www.sound2trance.com\/de\/wp-json\/wp\/v2\/pages\/46\/revisions\/150"}],"wp:attachment":[{"href":"http:\/\/www.sound2trance.com\/de\/wp-json\/wp\/v2\/media?parent=46"}],"curies":[{"name":"wp","href":"https:\/\/api.w.org\/{rel}","templated":true}]}}